{"id":268,"date":"2021-07-07T11:52:57","date_gmt":"2021-07-07T11:52:57","guid":{"rendered":"https:\/\/draftsight.ib-caddy.com\/?page_id=268"},"modified":"2023-05-31T06:50:56","modified_gmt":"2023-05-31T06:50:56","slug":"contact","status":"publish","type":"page","link":"https:\/\/draftsight.ib-caddy.com\/sl\/contact\/","title":{"rendered":"Kontakt"},"content":{"rendered":"<div data-elementor-type=\"wp-page\" data-elementor-id=\"268\" class=\"elementor elementor-268\" data-elementor-post-type=\"page\">\n\t\t\t\t\t\t<section class=\"elementor-section elementor-top-section elementor-element elementor-element-43eee101 elementor-section-boxed elementor-section-height-default elementor-section-height-default\" data-id=\"43eee101\" data-element_type=\"section\" data-e-type=\"section\">\n\t\t\t\t\t\t<div class=\"elementor-container elementor-column-gap-wider\">\n\t\t\t\t\t<div class=\"elementor-column elementor-col-50 elementor-top-column elementor-element elementor-element-5bb393fc\" data-id=\"5bb393fc\" data-element_type=\"column\" data-e-type=\"column\">\n\t\t\t<div class=\"elementor-widget-wrap elementor-element-populated\">\n\t\t\t\t\t\t<div class=\"elementor-element elementor-element-3650ca9e elementor-widget elementor-widget-text-editor\" data-id=\"3650ca9e\" data-element_type=\"widget\" data-e-type=\"widget\" data-widget_type=\"text-editor.default\">\n\t\t\t\t<div class=\"elementor-widget-container\">\n\t\t\t\t\t\t\t\t\t<h2>Vas zanima DraftSight in \u017eelite izvedeti ve\u010d?<\/h2>\t\t\t\t\t\t\t\t<\/div>\n\t\t\t\t<\/div>\n\t\t\t\t<div class=\"elementor-element elementor-element-10a19998 elementor-widget elementor-widget-text-editor\" data-id=\"10a19998\" data-element_type=\"widget\" data-e-type=\"widget\" data-widget_type=\"text-editor.default\">\n\t\t\t\t<div class=\"elementor-widget-container\">\n\t\t\t\t\t\t\t\t\t<p class=\"translation-block\">Lahko nas kontaktirate tudi neposredno po telefonu na <strong>+386 1 566 12 55 <\/strong>ali nam po\u0161ljete e-po\u0161to na  <strong>info@ib-caddy.si<\/strong>. Na\u0161 delovni \u010das je vsak delovni dan od <b> 8:00 <\/b> do <b> 16:00 <\/b>.<\/p>\t\t\t\t\t\t\t\t<\/div>\n\t\t\t\t<\/div>\n\t\t\t\t<div class=\"elementor-element elementor-element-16337fc elementor-widget elementor-widget-image\" data-id=\"16337fc\" data-element_type=\"widget\" data-e-type=\"widget\" data-widget_type=\"image.default\">\n\t\t\t\t<div class=\"elementor-widget-container\">\n\t\t\t\t\t\t\t\t\t\t\t\t\t\t\t<img fetchpriority=\"high\" decoding=\"async\" width=\"800\" height=\"450\" src=\"https:\/\/draftsight.ib-caddy.com\/\/wp-content\/uploads\/draftsight\/\/2021\/01\/draftsight-whatis-sm-1024x576.jpg\" class=\"attachment-large size-large wp-image-75\" alt=\"\" srcset=\"https:\/\/draftsight.ib-caddy.com\/\/wp-content\/uploads\/draftsight\/2021\/01\/draftsight-whatis-sm-1024x576.jpg 1024w, https:\/\/draftsight.ib-caddy.com\/\/wp-content\/uploads\/draftsight\/2021\/01\/draftsight-whatis-sm-300x169.jpg 300w, https:\/\/draftsight.ib-caddy.com\/\/wp-content\/uploads\/draftsight\/2021\/01\/draftsight-whatis-sm-768x432.jpg 768w, https:\/\/draftsight.ib-caddy.com\/\/wp-content\/uploads\/draftsight\/2021\/01\/draftsight-whatis-sm-1536x864.jpg 1536w, https:\/\/draftsight.ib-caddy.com\/\/wp-content\/uploads\/draftsight\/2021\/01\/draftsight-whatis-sm-16x9.jpg 16w, https:\/\/draftsight.ib-caddy.com\/\/wp-content\/uploads\/draftsight\/2021\/01\/draftsight-whatis-sm.jpg 1600w\" sizes=\"(max-width: 800px) 100vw, 800px\" \/>\t\t\t\t\t\t\t\t\t\t\t\t\t\t\t<\/div>\n\t\t\t\t<\/div>\n\t\t\t\t\t<\/div>\n\t\t<\/div>\n\t\t\t\t<div class=\"elementor-column elementor-col-50 elementor-top-column elementor-element elementor-element-3e4875f5\" data-id=\"3e4875f5\" data-element_type=\"column\" data-e-type=\"column\">\n\t\t\t<div class=\"elementor-widget-wrap elementor-element-populated\">\n\t\t\t\t\t\t<div class=\"elementor-element elementor-element-373ab8f elementor-widget elementor-widget-text-editor\" data-id=\"373ab8f\" data-element_type=\"widget\" data-e-type=\"widget\" data-widget_type=\"text-editor.default\">\n\t\t\t\t<div class=\"elementor-widget-container\">\n\t\t\t\t\t\t\t\t\t<h5>Izpolnite obrazec z opisom va\u0161ega zanimanja ali vpra\u0161anja. Kontaktiramo vas v najkraj\u0161em mo\u017enem \u010dasu.<\/h5>\t\t\t\t\t\t\t\t<\/div>\n\t\t\t\t<\/div>\n\t\t\t\t<div class=\"elementor-element elementor-element-3137527b elementor-widget elementor-widget-spacer\" data-id=\"3137527b\" data-element_type=\"widget\" data-e-type=\"widget\" data-widget_type=\"spacer.default\">\n\t\t\t\t<div class=\"elementor-widget-container\">\n\t\t\t\t\t\t\t<div class=\"elementor-spacer\">\n\t\t\t<div class=\"elementor-spacer-inner\"><\/div>\n\t\t<\/div>\n\t\t\t\t\t\t<\/div>\n\t\t\t\t<\/div>\n\t\t\t\t<div class=\"elementor-element elementor-element-30552ef4 elementor-button-align-stretch elementor-widget elementor-widget-form\" data-id=\"30552ef4\" data-element_type=\"widget\" data-e-type=\"widget\" data-settings=\"{&quot;button_width&quot;:&quot;40&quot;,&quot;step_next_label&quot;:&quot;Next&quot;,&quot;step_previous_label&quot;:&quot;Previous&quot;,&quot;step_type&quot;:&quot;number_text&quot;,&quot;step_icon_shape&quot;:&quot;circle&quot;}\" data-widget_type=\"form.default\">\n\t\t\t\t<div class=\"elementor-widget-container\">\n\t\t\t\t\t\t\t<form class=\"elementor-form\" method=\"post\" id=\"camworkskontakt\" name=\"DraftSightKONTAKT\" aria-label=\"DraftSightKONTAKT\" action=\"\">\n\t\t\t<input type=\"hidden\" name=\"post_id\" value=\"268\"\/>\n\t\t\t<input type=\"hidden\" name=\"form_id\" value=\"30552ef4\"\/>\n\t\t\t<input type=\"hidden\" name=\"referer_title\" value=\"Contact - IB-CADDY Draftsight\" \/>\n\n\t\t\t\t\t\t\t<input type=\"hidden\" name=\"queried_id\" value=\"268\"\/>\n\t\t\t\n\t\t\t<div class=\"elementor-form-fields-wrapper elementor-labels-above\">\n\t\t\t\t\t\t\t\t<div class=\"elementor-field-type-text elementor-field-group elementor-column elementor-field-group-name elementor-col-100 elementor-field-required\">\n\t\t\t\t\t\t\t\t\t\t\t\t\t<input size=\"1\" type=\"text\" name=\"form_fields[name]\" id=\"form-field-name\" class=\"elementor-field elementor-size-xs  elementor-field-textual\" placeholder=\"IME IN PRIIMEK*\" required=\"required\">\n\t\t\t\t\t\t\t\t\t\t\t<\/div>\n\t\t\t\t\t\t\t\t<div class=\"elementor-field-type-email elementor-field-group elementor-column elementor-field-group-email elementor-col-100 elementor-field-required\">\n\t\t\t\t\t\t\t\t\t\t\t\t\t<input size=\"1\" type=\"email\" name=\"form_fields[email]\" id=\"form-field-email\" class=\"elementor-field elementor-size-xs  elementor-field-textual\" placeholder=\"EMAIL NASLOV*\" required=\"required\">\n\t\t\t\t\t\t\t\t\t\t\t<\/div>\n\t\t\t\t\t\t\t\t<div class=\"elementor-field-type-tel elementor-field-group elementor-column elementor-field-group-tel elementor-col-100 elementor-field-required\">\n\t\t\t\t\t\t\t<input size=\"1\" type=\"tel\" name=\"form_fields[tel]\" id=\"form-field-tel\" class=\"elementor-field elementor-size-xs  elementor-field-textual\" placeholder=\"TELEFON*\" required=\"required\" pattern=\"[0-9()#&amp;+*-=.]+\" title=\"Only numbers and phone characters (#, -, *, etc) are accepted.\" data-no-translation-title=\"\">\n\n\t\t\t\t\t\t<\/div>\n\t\t\t\t\t\t\t\t<div class=\"elementor-field-type-text elementor-field-group elementor-column elementor-field-group-company elementor-col-100\">\n\t\t\t\t\t\t\t\t\t\t\t\t\t<input size=\"1\" type=\"text\" name=\"form_fields[company]\" id=\"form-field-company\" class=\"elementor-field elementor-size-xs  elementor-field-textual\" placeholder=\"PODJETJE\">\n\t\t\t\t\t\t\t\t\t\t\t<\/div>\n\t\t\t\t\t\t\t\t<div class=\"elementor-field-type-text elementor-field-group elementor-column elementor-field-group-address elementor-col-100 elementor-field-required\">\n\t\t\t\t\t\t\t\t\t\t\t\t\t<input size=\"1\" type=\"text\" name=\"form_fields[address]\" id=\"form-field-address\" class=\"elementor-field elementor-size-xs  elementor-field-textual\" placeholder=\"NASLOV*\" required=\"required\">\n\t\t\t\t\t\t\t\t\t\t\t<\/div>\n\t\t\t\t\t\t\t\t<div class=\"elementor-field-type-select elementor-field-group elementor-column elementor-field-group-country elementor-col-100 elementor-field-required\">\n\t\t\t\t\t\t\t<div class=\"elementor-field elementor-select-wrapper remove-before\">\n\t\t\t<div class=\"select-caret-down-wrapper\">\n\t\t\t\t<i aria-hidden=\"true\" class=\"eicon-caret-down\"><\/i>\t\t\t<\/div>\n\t\t\t<select name=\"form_fields[country]\" id=\"form-field-country\" class=\"elementor-field-textual elementor-size-xs\" required=\"required\">\n\t\t\t\t\t\t\t\t\t<option value=\"COUNTRY*\">DR\u017dAVA*<\/option>\n\t\t\t\t\t\t\t\t\t<option value=\"Slovenija\">Slovenija<\/option>\n\t\t\t\t\t\t\t<\/select>\n\t\t<\/div>\n\t\t\t\t\t\t<\/div>\n\t\t\t\t\t\t\t\t<div class=\"elementor-field-type-text elementor-field-group elementor-column elementor-field-group-zip elementor-col-100 elementor-field-required\">\n\t\t\t\t\t\t\t\t\t\t\t\t\t<input size=\"1\" type=\"text\" name=\"form_fields[zip]\" id=\"form-field-zip\" class=\"elementor-field elementor-size-xs  elementor-field-textual\" placeholder=\"PO\u0160TNA \u0160T. IN MESTO*\" required=\"required\">\n\t\t\t\t\t\t\t\t\t\t\t<\/div>\n\t\t\t\t\t\t\t\t<div class=\"elementor-field-type-select elementor-field-group elementor-column elementor-field-group-field_2380ef1 elementor-col-100\">\n\t\t\t\t\t\t\t<div class=\"elementor-field elementor-select-wrapper remove-before\">\n\t\t\t<div class=\"select-caret-down-wrapper\">\n\t\t\t\t<i aria-hidden=\"true\" class=\"eicon-caret-down\"><\/i>\t\t\t<\/div>\n\t\t\t<select name=\"form_fields[field_2380ef1]\" id=\"form-field-field_2380ef1\" class=\"elementor-field-textual elementor-size-xs\">\n\t\t\t\t\t\t\t\t\t<option value=\"\">\u017dELJENA DRAFSIGHT VERZIJA<\/option>\n\t\t\t\t\t\t\t\t\t<option value=\"DraftSight Enterprise\">DraftSight Enterprise<\/option>\n\t\t\t\t\t\t\t\t\t<option value=\"DraftSight Enterprise Plus\">DraftSight Enterprise Plus<\/option>\n\t\t\t\t\t\t\t\t\t<option value=\"Draftsight Mechanical\">Draftsight Mechanical<\/option>\n\t\t\t\t\t\t\t\t\t<option value=\"3DEXPERIENCE DraftSight Professional\">3DEXPERIENCE DraftSight Professional<\/option>\n\t\t\t\t\t\t\t\t\t<option value=\"3DEXPERIENCE DraftSight Premium\">3DEXPERIENCE DraftSight Premium<\/option>\n\t\t\t\t\t\t\t\t\t<option value=\"3DEXPERIENCE DraftSight Mechanical\">3DEXPERIENCE DraftSight Mechanical<\/option>\n\t\t\t\t\t\t\t<\/select>\n\t\t<\/div>\n\t\t\t\t\t\t<\/div>\n\t\t\t\t\t\t\t\t<div class=\"elementor-field-type-textarea elementor-field-group elementor-column elementor-field-group-reason elementor-col-100\">\n\t\t\t\t\t<textarea class=\"elementor-field-textual elementor-field  elementor-size-xs\" name=\"form_fields[reason]\" id=\"form-field-reason\" rows=\"4\" placeholder=\"YOUR DESCRIPTION*\"><\/textarea>\t\t\t\t<\/div>\n\t\t\t\t\t\t\t\t<div class=\"elementor-field-type-acceptance elementor-field-group elementor-column elementor-field-group-field_e462f22 elementor-col-100 elementor-field-required\">\n\t\t\t\t\t\t\t<div class=\"elementor-field-subgroup\">\n\t\t\t<span class=\"elementor-field-option\">\n\t\t\t\t<input type=\"checkbox\" name=\"form_fields[field_e462f22]\" id=\"form-field-field_e462f22\" class=\"elementor-field elementor-size-xs  elementor-acceptance-field\" required=\"required\">\n\t\t\t\t<label for=\"form-field-field_e462f22\">*IB-CADDY d.o.o. uporablja podane informacije, da ostane v stiku z Vami in vas obve\u0161\u010da o produktih, dogodkih in aktualnih akcijah. Podatkov ne posredujemo tretjim osebam in jih skrbno varujemo (ve\u010d na <a href=\"https:\/\/www.ib-caddy.com\/en\/data-security\/\"><span style=\"color: rgb(84, 172, 210);\">Varnost podatkov<\/span><\/a>). Prosimo potrdite, da ob\u010dasno lahko prejmete promocijsko elektronsko po\u0161to, kjer bo vedno tudi povezava do odjave.<\/label>\t\t\t<\/span>\n\t\t<\/div>\n\t\t\t\t\t\t<\/div>\n\t\t\t\t\t\t\t\t<div class=\"elementor-field-type-recaptcha_v3 elementor-field-group elementor-column elementor-field-group-field_a3a09ea elementor-col-100 recaptcha_v3-inline\">\n\t\t\t\t\t<div class=\"elementor-field\" id=\"form-field-field_a3a09ea\"><div class=\"elementor-g-recaptcha\" data-sitekey=\"6Lf0-qsaAAAAAK-OWHkstBs0HvuxbvxQUtv819Ku\" data-type=\"v3\" data-action=\"Form\" data-badge=\"inline\" data-size=\"invisible\"><\/div><\/div>\t\t\t\t<\/div>\n\t\t\t\t\t\t\t\t<div class=\"elementor-field-group elementor-column elementor-field-type-submit elementor-col-40 e-form__buttons\">\n\t\t\t\t\t<button class=\"elementor-button elementor-size-sm\" type=\"submit\">\n\t\t\t\t\t\t<span class=\"elementor-button-content-wrapper\">\n\t\t\t\t\t\t\t\t\t\t\t\t\t\t\t<span class=\"elementor-button-icon\">\n\t\t\t\t\t\t\t\t\t<i aria-hidden=\"true\" class=\"fas fa-envelope\"><\/i>\t\t\t\t\t\t\t\t\t\t\t\t\t\t\t\t\t<\/span>\n\t\t\t\t\t\t\t\t\t\t\t\t\t\t\t\t\t\t\t\t\t\t<span class=\"elementor-button-text\">PO\u0160LJI POVPRA\u0160EVANJE<\/span>\n\t\t\t\t\t\t\t\t\t\t\t\t\t<\/span>\n\t\t\t\t\t<\/button>\n\t\t\t\t<\/div>\n\t\t\t<\/div>\n\t\t<input type=\"hidden\" name=\"trp-form-language\" value=\"sl\"\/><\/form>\n\t\t\t\t\t\t<\/div>\n\t\t\t\t<\/div>\n\t\t\t\t<div class=\"elementor-element elementor-element-32210ea0 elementor-widget elementor-widget-text-editor\" data-id=\"32210ea0\" data-element_type=\"widget\" data-e-type=\"widget\" data-widget_type=\"text-editor.default\">\n\t\t\t\t<div class=\"elementor-widget-container\">\n\t\t\t\t\t\t\t\t\t<p>*OZNA\u010cENA POLJA SO OBVEZNA<\/p>\t\t\t\t\t\t\t\t<\/div>\n\t\t\t\t<\/div>\n\t\t\t\t\t<\/div>\n\t\t<\/div>\n\t\t\t\t\t<\/div>\n\t\t<\/section>\n\t\t\t\t<section class=\"elementor-section elementor-top-section elementor-element elementor-element-5d2c884 elementor-section-full_width elementor-section-height-default elementor-section-height-default\" data-id=\"5d2c884\" data-element_type=\"section\" data-e-type=\"section\">\n\t\t\t\t\t\t<div class=\"elementor-container elementor-column-gap-default\">\n\t\t\t\t\t<div class=\"elementor-column elementor-col-100 elementor-top-column elementor-element elementor-element-d4f3e7\" data-id=\"d4f3e7\" data-element_type=\"column\" data-e-type=\"column\">\n\t\t\t<div class=\"elementor-widget-wrap elementor-element-populated\">\n\t\t\t\t\t\t<div class=\"elementor-element elementor-element-26ae6a74 elementor-widget elementor-widget-google_maps\" data-id=\"26ae6a74\" data-element_type=\"widget\" data-e-type=\"widget\" data-widget_type=\"google_maps.default\">\n\t\t\t\t<div class=\"elementor-widget-container\">\n\t\t\t\t\t\t\t<div class=\"elementor-custom-embed\">\n\t\t\t<iframe loading=\"lazy\"\n\t\t\t\t\tsrc=\"https:\/\/maps.google.com\/maps?q=ib-caddy&#038;t=m&#038;z=13&#038;output=embed&#038;iwloc=near\"\n\t\t\t\t\ttitle=\"ib-caddy\"\n\t\t\t\t\taria-label=\"ib-caddy\"\n\t\t\t><\/iframe>\n\t\t<\/div>\n\t\t\t\t\t\t<\/div>\n\t\t\t\t<\/div>\n\t\t\t\t<div class=\"elementor-element elementor-element-f75f5f9 elementor-widget elementor-widget-text-editor\" data-id=\"f75f5f9\" data-element_type=\"widget\" data-e-type=\"widget\" data-widget_type=\"text-editor.default\">\n\t\t\t\t<div class=\"elementor-widget-container\">\n\t\t\t\t\t\t\t\t\t<p><strong>IB-CADDY d.o.o.\u00a0 \u00a0|\u00a0 \u00a0<\/strong>Dunajska cesta 106\u00a0 \u00a0|\u00a0 \u00a01000 Ljubljana<\/p>\t\t\t\t\t\t\t\t<\/div>\n\t\t\t\t<\/div>\n\t\t\t\t\t<\/div>\n\t\t<\/div>\n\t\t\t\t\t<\/div>\n\t\t<\/section>\n\t\t\t\t<\/div>","protected":false},"excerpt":{"rendered":"<p>Interested in DraftSight and want to know more? You can also contact us directly via phone at\u00a0+386 1 566 12 55\u00a0 or send us an e-mail to\u00a0info@ib-caddy.si. Our work time is every working day from\u00a08:00\u00a0to\u00a016:00. Fill out the form with a description of your interest or question and we will get back to you in [&hellip;]<\/p>","protected":false},"author":4,"featured_media":0,"parent":0,"menu_order":0,"comment_status":"closed","ping_status":"closed","template":"","meta":{"footnotes":""},"class_list":["post-268","page","type-page","status-publish","hentry"],"_links":{"self":[{"href":"https:\/\/draftsight.ib-caddy.com\/sl\/wp-json\/wp\/v2\/pages\/268","targetHints":{"allow":["GET"]}}],"collection":[{"href":"https:\/\/draftsight.ib-caddy.com\/sl\/wp-json\/wp\/v2\/pages"}],"about":[{"href":"https:\/\/draftsight.ib-caddy.com\/sl\/wp-json\/wp\/v2\/types\/page"}],"author":[{"embeddable":true,"href":"https:\/\/draftsight.ib-caddy.com\/sl\/wp-json\/wp\/v2\/users\/4"}],"replies":[{"embeddable":true,"href":"https:\/\/draftsight.ib-caddy.com\/sl\/wp-json\/wp\/v2\/comments?post=268"}],"version-history":[{"count":35,"href":"https:\/\/draftsight.ib-caddy.com\/sl\/wp-json\/wp\/v2\/pages\/268\/revisions"}],"predecessor-version":[{"id":629,"href":"https:\/\/draftsight.ib-caddy.com\/sl\/wp-json\/wp\/v2\/pages\/268\/revisions\/629"}],"wp:attachment":[{"href":"https:\/\/draftsight.ib-caddy.com\/sl\/wp-json\/wp\/v2\/media?parent=268"}],"curies":[{"name":"wp","href":"https:\/\/api.w.org\/{rel}","templated":true}]}}