{"id":86,"date":"2021-07-06T14:01:15","date_gmt":"2021-07-06T14:01:15","guid":{"rendered":"https:\/\/draftsight.ib-caddy.com\/?page_id=86"},"modified":"2024-02-21T09:01:38","modified_gmt":"2024-02-21T09:01:38","slug":"home","status":"publish","type":"page","link":"https:\/\/draftsight.ib-caddy.com\/sl\/","title":{"rendered":"Domov"},"content":{"rendered":"<div data-elementor-type=\"wp-page\" data-elementor-id=\"86\" class=\"elementor elementor-86\" data-elementor-post-type=\"page\">\n\t\t\t\t\t\t<section class=\"elementor-section elementor-top-section elementor-element elementor-element-c2bc898 elementor-reverse-mobile elementor-section-boxed elementor-section-height-default elementor-section-height-default\" data-id=\"c2bc898\" data-element_type=\"section\" data-e-type=\"section\" data-settings=\"{&quot;background_background&quot;:&quot;classic&quot;}\">\n\t\t\t\t\t\t<div class=\"elementor-container elementor-column-gap-wider\">\n\t\t\t\t\t<div class=\"elementor-column elementor-col-100 elementor-top-column elementor-element elementor-element-2a00398\" data-id=\"2a00398\" data-element_type=\"column\" data-e-type=\"column\">\n\t\t\t<div class=\"elementor-widget-wrap elementor-element-populated\">\n\t\t\t\t\t\t<div class=\"elementor-element elementor-element-1c629cc elementor-widget elementor-widget-video\" data-id=\"1c629cc\" data-element_type=\"widget\" data-e-type=\"widget\" data-settings=\"{&quot;youtube_url&quot;:&quot;https:\\\/\\\/www.youtube.com\\\/watch?v=W3IFqAmXLY8&amp;ab_channel=IB-CADDYd.o.o.&quot;,&quot;lazy_load&quot;:&quot;yes&quot;,&quot;video_type&quot;:&quot;youtube&quot;,&quot;controls&quot;:&quot;yes&quot;}\" data-widget_type=\"video.default\">\n\t\t\t\t<div class=\"elementor-widget-container\">\n\t\t\t\t\t\t\t<div class=\"elementor-wrapper elementor-open-inline\">\n\t\t\t<div class=\"elementor-video\"><\/div>\t\t<\/div>\n\t\t\t\t\t\t<\/div>\n\t\t\t\t<\/div>\n\t\t\t\t\t<\/div>\n\t\t<\/div>\n\t\t\t\t\t<\/div>\n\t\t<\/section>\n\t\t\t\t<section class=\"elementor-section elementor-top-section elementor-element elementor-element-55030f3 elementor-section-boxed elementor-section-height-default elementor-section-height-default\" data-id=\"55030f3\" data-element_type=\"section\" data-e-type=\"section\" data-settings=\"{&quot;background_background&quot;:&quot;classic&quot;}\">\n\t\t\t\t\t\t<div class=\"elementor-container elementor-column-gap-default\">\n\t\t\t\t\t<div class=\"elementor-column elementor-col-100 elementor-top-column elementor-element elementor-element-e49341c\" data-id=\"e49341c\" data-element_type=\"column\" data-e-type=\"column\">\n\t\t\t<div class=\"elementor-widget-wrap elementor-element-populated\">\n\t\t\t\t\t\t<div class=\"elementor-element elementor-element-c709df7 elementor-widget elementor-widget-spacer\" data-id=\"c709df7\" data-element_type=\"widget\" data-e-type=\"widget\" data-widget_type=\"spacer.default\">\n\t\t\t\t<div class=\"elementor-widget-container\">\n\t\t\t\t\t\t\t<div class=\"elementor-spacer\">\n\t\t\t<div class=\"elementor-spacer-inner\"><\/div>\n\t\t<\/div>\n\t\t\t\t\t\t<\/div>\n\t\t\t\t<\/div>\n\t\t\t\t\t<\/div>\n\t\t<\/div>\n\t\t\t\t\t<\/div>\n\t\t<\/section>\n\t\t\t\t<section class=\"elementor-section elementor-top-section elementor-element elementor-element-26da916 elementor-section-boxed elementor-section-height-default elementor-section-height-default\" data-id=\"26da916\" data-element_type=\"section\" data-e-type=\"section\" data-settings=\"{&quot;background_background&quot;:&quot;classic&quot;}\">\n\t\t\t\t\t\t<div class=\"elementor-container elementor-column-gap-default\">\n\t\t\t\t\t<div class=\"elementor-column elementor-col-50 elementor-top-column elementor-element elementor-element-ae5aa03\" data-id=\"ae5aa03\" data-element_type=\"column\" data-e-type=\"column\">\n\t\t\t<div class=\"elementor-widget-wrap elementor-element-populated\">\n\t\t\t\t\t\t<div class=\"elementor-element elementor-element-ade7687 elementor-widget elementor-widget-text-editor\" data-id=\"ade7687\" data-element_type=\"widget\" data-e-type=\"widget\" data-widget_type=\"text-editor.default\">\n\t\t\t\t<div class=\"elementor-widget-container\">\n\t\t\t\t\t\t\t\t\t<h3 style=\"text-align: left;\">Kaj je DraftSight?<\/h3><div class=\"field--formatter-text-default ds-copy-text clearfix text-formatted field field--name-field-body field--type-text-long field--label-hidden field__item\"><ul><li style=\"text-align: left;\">2D na\u010drtovanje in risanje s popolnim naborom orodij za urejanje, oblikovanje in avtomatizacijo.<\/li><li style=\"text-align: left;\">S funkcijami bogata 2D in 3D CAD re\u0161itev za strojne in elektro projektante, arhitekte, tehnologe, oblikovalce, itd.<\/li><li style=\"text-align: left;\">Ustvarite, uredite, oglejte si in delite 2D in 3D datoteke DWG z orodji za produktivnost in API-jem.<\/li><li style=\"text-align: left;\">Zaupanja vredna izku\u0161nja 2D risanja in 3D na\u010drtovanja z znanim uporabni\u0161kim vmesnikom.<\/li><\/ul><\/div>\t\t\t\t\t\t\t\t<\/div>\n\t\t\t\t<\/div>\n\t\t\t\t<section class=\"elementor-section elementor-inner-section elementor-element elementor-element-81419b6 elementor-section-boxed elementor-section-height-default elementor-section-height-default\" data-id=\"81419b6\" data-element_type=\"section\" data-e-type=\"section\">\n\t\t\t\t\t\t<div class=\"elementor-container elementor-column-gap-default\">\n\t\t\t\t\t<div class=\"elementor-column elementor-col-50 elementor-inner-column elementor-element elementor-element-077cdf3\" data-id=\"077cdf3\" data-element_type=\"column\" data-e-type=\"column\">\n\t\t\t<div class=\"elementor-widget-wrap elementor-element-populated\">\n\t\t\t\t\t\t<div class=\"elementor-element elementor-element-81f89e1 elementor-align-left elementor-widget__width-auto elementor-widget elementor-widget-button\" data-id=\"81f89e1\" data-element_type=\"widget\" data-e-type=\"widget\" data-widget_type=\"button.default\">\n\t\t\t\t<div class=\"elementor-widget-container\">\n\t\t\t\t\t\t\t\t\t<div class=\"elementor-button-wrapper\">\n\t\t\t\t\t<a class=\"elementor-button elementor-button-link elementor-size-sm\" href=\"https:\/\/draftsight.ib-caddy.com\/sl\/trial\/\">\n\t\t\t\t\t\t<span class=\"elementor-button-content-wrapper\">\n\t\t\t\t\t\t\t\t\t<span class=\"elementor-button-text\">BREZPLA\u010cEN PREIZKUS<\/span>\n\t\t\t\t\t<\/span>\n\t\t\t\t\t<\/a>\n\t\t\t\t<\/div>\n\t\t\t\t\t\t\t\t<\/div>\n\t\t\t\t<\/div>\n\t\t\t\t\t<\/div>\n\t\t<\/div>\n\t\t\t\t<div class=\"elementor-column elementor-col-50 elementor-inner-column elementor-element elementor-element-1a22945\" data-id=\"1a22945\" data-element_type=\"column\" data-e-type=\"column\">\n\t\t\t<div class=\"elementor-widget-wrap elementor-element-populated\">\n\t\t\t\t\t\t<div class=\"elementor-element elementor-element-283a801 elementor-align-left elementor-widget__width-auto elementor-widget elementor-widget-button\" data-id=\"283a801\" data-element_type=\"widget\" data-e-type=\"widget\" data-widget_type=\"button.default\">\n\t\t\t\t<div class=\"elementor-widget-container\">\n\t\t\t\t\t\t\t\t\t<div class=\"elementor-button-wrapper\">\n\t\t\t\t\t<a class=\"elementor-button elementor-button-link elementor-size-sm\" href=\"https:\/\/draftsight.ib-caddy.com\/sl\/matrix\/\">\n\t\t\t\t\t\t<span class=\"elementor-button-content-wrapper\">\n\t\t\t\t\t\t\t\t\t<span class=\"elementor-button-text\">MATRIKA FUNKCIJ<\/span>\n\t\t\t\t\t<\/span>\n\t\t\t\t\t<\/a>\n\t\t\t\t<\/div>\n\t\t\t\t\t\t\t\t<\/div>\n\t\t\t\t<\/div>\n\t\t\t\t\t<\/div>\n\t\t<\/div>\n\t\t\t\t\t<\/div>\n\t\t<\/section>\n\t\t\t\t\t<\/div>\n\t\t<\/div>\n\t\t\t\t<div class=\"elementor-column elementor-col-50 elementor-top-column elementor-element elementor-element-c148be0\" data-id=\"c148be0\" data-element_type=\"column\" data-e-type=\"column\">\n\t\t\t<div class=\"elementor-widget-wrap elementor-element-populated\">\n\t\t\t\t\t\t<div class=\"elementor-element elementor-element-fa39057 elementor-widget elementor-widget-image\" data-id=\"fa39057\" data-element_type=\"widget\" data-e-type=\"widget\" data-widget_type=\"image.default\">\n\t\t\t\t<div class=\"elementor-widget-container\">\n\t\t\t\t\t\t\t\t\t\t\t\t\t\t\t<img fetchpriority=\"high\" decoding=\"async\" width=\"768\" height=\"512\" src=\"https:\/\/draftsight.ib-caddy.com\/\/wp-content\/uploads\/draftsight\/\/2023\/02\/SOLIDWORKS-3DX-DraftSight-content1.jpg\" class=\"attachment-large size-large wp-image-582\" alt=\"\" srcset=\"https:\/\/draftsight.ib-caddy.com\/\/wp-content\/uploads\/draftsight\/2023\/02\/SOLIDWORKS-3DX-DraftSight-content1.jpg 768w, https:\/\/draftsight.ib-caddy.com\/\/wp-content\/uploads\/draftsight\/2023\/02\/SOLIDWORKS-3DX-DraftSight-content1-300x200.jpg 300w, https:\/\/draftsight.ib-caddy.com\/\/wp-content\/uploads\/draftsight\/2023\/02\/SOLIDWORKS-3DX-DraftSight-content1-18x12.jpg 18w\" sizes=\"(max-width: 768px) 100vw, 768px\" \/>\t\t\t\t\t\t\t\t\t\t\t\t\t\t\t<\/div>\n\t\t\t\t<\/div>\n\t\t\t\t\t<\/div>\n\t\t<\/div>\n\t\t\t\t\t<\/div>\n\t\t<\/section>\n\t\t\t\t<section class=\"elementor-section elementor-top-section elementor-element elementor-element-fd0aabb elementor-section-boxed elementor-section-height-default elementor-section-height-default\" data-id=\"fd0aabb\" data-element_type=\"section\" data-e-type=\"section\" data-settings=\"{&quot;background_background&quot;:&quot;classic&quot;}\">\n\t\t\t\t\t\t<div class=\"elementor-container elementor-column-gap-default\">\n\t\t\t\t\t<div class=\"elementor-column elementor-col-100 elementor-top-column elementor-element elementor-element-3fcf444\" data-id=\"3fcf444\" data-element_type=\"column\" data-e-type=\"column\">\n\t\t\t<div class=\"elementor-widget-wrap elementor-element-populated\">\n\t\t\t\t\t\t<div class=\"elementor-element elementor-element-26a240b elementor-widget elementor-widget-spacer\" data-id=\"26a240b\" data-element_type=\"widget\" data-e-type=\"widget\" data-widget_type=\"spacer.default\">\n\t\t\t\t<div class=\"elementor-widget-container\">\n\t\t\t\t\t\t\t<div class=\"elementor-spacer\">\n\t\t\t<div class=\"elementor-spacer-inner\"><\/div>\n\t\t<\/div>\n\t\t\t\t\t\t<\/div>\n\t\t\t\t<\/div>\n\t\t\t\t\t<\/div>\n\t\t<\/div>\n\t\t\t\t\t<\/div>\n\t\t<\/section>\n\t\t\t\t<\/div>","protected":false},"excerpt":{"rendered":"<p>What is DraftSight? Essential 2D design and drafting with a complete set of edit, design and automation tools. Feature-rich 2D &amp; 3D CAD solution for architects, engineers, designers, hobbyists, &amp; more. Create, edit, view, and share 2D and 3D DWG files with productivity tools and an API. Trusted 2D drafting and 3D design experience with [&hellip;]<\/p>","protected":false},"author":4,"featured_media":0,"parent":0,"menu_order":0,"comment_status":"closed","ping_status":"closed","template":"","meta":{"footnotes":""},"class_list":["post-86","page","type-page","status-publish","hentry"],"_links":{"self":[{"href":"https:\/\/draftsight.ib-caddy.com\/sl\/wp-json\/wp\/v2\/pages\/86","targetHints":{"allow":["GET"]}}],"collection":[{"href":"https:\/\/draftsight.ib-caddy.com\/sl\/wp-json\/wp\/v2\/pages"}],"about":[{"href":"https:\/\/draftsight.ib-caddy.com\/sl\/wp-json\/wp\/v2\/types\/page"}],"author":[{"embeddable":true,"href":"https:\/\/draftsight.ib-caddy.com\/sl\/wp-json\/wp\/v2\/users\/4"}],"replies":[{"embeddable":true,"href":"https:\/\/draftsight.ib-caddy.com\/sl\/wp-json\/wp\/v2\/comments?post=86"}],"version-history":[{"count":213,"href":"https:\/\/draftsight.ib-caddy.com\/sl\/wp-json\/wp\/v2\/pages\/86\/revisions"}],"predecessor-version":[{"id":648,"href":"https:\/\/draftsight.ib-caddy.com\/sl\/wp-json\/wp\/v2\/pages\/86\/revisions\/648"}],"wp:attachment":[{"href":"https:\/\/draftsight.ib-caddy.com\/sl\/wp-json\/wp\/v2\/media?parent=86"}],"curies":[{"name":"wp","href":"https:\/\/api.w.org\/{rel}","templated":true}]}}